{"id":63,"date":"2019-10-07T15:25:17","date_gmt":"2019-10-07T14:25:17","guid":{"rendered":"https:\/\/blogs.kcl.ac.uk\/performance\/?page_id=63"},"modified":"2019-11-04T14:33:44","modified_gmt":"2019-11-04T14:33:44","slug":"dr-lizzie-stewart","status":"publish","type":"page","link":"https:\/\/blogs.kcl.ac.uk\/performance\/dr-lizzie-stewart\/","title":{"rendered":"Dr Lizzie Stewart"},"content":{"rendered":"\n<p>Dr Lizzie Stewart is Lecturer in Modern Languages, Culture and Society; cross-appointed to the Departments of German, French and SPLAS. Having studied Modern Languages (German and Russian) at the University of Edinburgh, Lizzie did an AHRC-funded MSc. in European Theatre and PhD in German at the same institution. Her research explores cultures of migration, with a dual focus on theatre, and the relationship between labour migration and cultural production. Her first monograph, \u2018Staging New German Realities: Turkish-German Scripts of Postmigration\u2019 (forthcoming with Palgrave Macmillan), brings a theatre and performance studies perspective into the scholarly discourse on Turkish-German culture and the after-effects of labour migration. It unpacks the complex relationship between the behavioural \u2018scripts\u2019 society prescribes for its minority subjects, the literal scripts produced by those subjects, and the creation of new concepts of identity and performance practice which arise from the realisation of these scripts in performance. <\/p>\n\n\n\n<p>Broadly, Lizzie is interested in post\/migration and performance, including the ways in which institutional structures, funding, and policy affect both the aesthetics and practice of theatrical work produced in the German and EU context. Before coming to King\u2019s as a Lecturer in 2017, she held positions at University of Edinburgh, University of St Andrews, and University of Cambridge. Working between Modern Languages and Theatre\/Performance Studies, she is also interested in strengthening links between Germanophone and Anglophone academic, educational, and practitioner discourses around migration and theatre. <\/p>\n\n\n\n<hr class=\"wp-block-separator is-style-wide\" \/>\n\n\n\n<h4 class=\"wp-block-heading\">Theatre and Performance Publications<\/h4>\n\n\n\n<p><strong>Articles<\/strong><\/p>\n\n\n\n<p>\u00a0\u2018\u201cThe Future Market and the Current Reality\u201d: Interculturalism in the German Context\u2019, in <em>Interculturalism and Performance Now<\/em>, ed. by Charlotte MacIvor and Jason King (London: Palgrave Macmillan, 2018).\u00a0<\/p>\n\n\n\n<p>\u2018Postmigrant Theatre: The Ballhaus Naunynstra\u00dfe takes on Sexual Nationalism,\u2019 <em>Journal of Aesthetics and Culture<\/em>, 9.2 (2017): 56-68.<\/p>\n\n\n\n<p>\u2018\u00dcmm\u00fc in Alamania? Female Voice and Song in the Premiere Production of Emine Sevgi \u00d6zdamar\u2019s <em>Karag\u00f6z in Alamania<\/em> (1986)\u2019, <em>Oxford German Studies<\/em>, 45.3 (2016), 252-74.<\/p>\n\n\n\n<p>\u2018Countermemory and the (Turkish-)German Theatrical Archive: Reading the Documentary Remains of Emine Sevgi \u00d6zdamar\u2019s <em>Karag\u00f6z in Alamania<\/em> (1986),\u2019 <em>Transit<\/em>, 8.2 (2013) &lt;http:\/\/www.escholarship.org\/uc\/item\/0fq2m874&gt;.<\/p>\n\n\n\n<hr class=\"wp-block-separator is-style-wide\" \/>\n\n\n\n\n\n<p>Invited Speaker at Ballhaus Naunynstra\u00dfe theatre 10 year celebrations (Berlin, May 2016). German-language report here: <a href=\"https:\/\/de.qantara.de\/inhalt\/zehn-jahre-postmigrantisches-theater-in-deutschland-bis-wir-ueberfluessig-sind\">https:\/\/de.qantara.de\/inhalt\/zehn-jahre-postmigrantisches-theater-in-deutschland-bis-wir-ueberfluessig-sind<\/a>\u00a0<\/p>\n\n\n\n<p>\u2018Neco \u00c7elik: Postmigrant Theatre in Germany\u2019: theatre workshop, film screening, &amp; public discussion on \u2018Theatre and Interculturalism in Germany and Scotland\u2019 (Edinburgh, May 2015). Event web-page:\u00a0 <a href=\"https:\/\/www.blogs.hss.ed.ac.uk\/neco-celik\/postmigrant-theatre\/\">https:\/\/www.blogs.hss.ed.ac.uk\/neco-celik\/postmigrant-theatre\/<\/a><\/p>\n","protected":false},"excerpt":{"rendered":"<p>Dr Lizzie Stewart is Lecturer in Modern Languages, Culture and Society; cross-appointed to the Departments of German, French and SPLAS. Having studied Modern Languages (German and Russian) at the University of Edinburgh, Lizzie did an AHRC-funded MSc. in European Theatre and PhD in German at the same institution. Her research explores cultures of migration, with &hellip; <\/p>\n<p class=\"link-more\"><a href=\"https:\/\/blogs.kcl.ac.uk\/performance\/dr-lizzie-stewart\/\" class=\"more-link\">Continue reading<span class=\"screen-reader-text\"> &#8220;Dr Lizzie Stewart&#8221;<\/span><\/a><\/p>\n","protected":false},"author":734,"featured_media":0,"parent":0,"menu_order":0,"comment_status":"closed","ping_status":"closed","template":"","meta":{"footnotes":""},"class_list":["post-63","page","type-page","status-publish","hentry","entry"],"_links":{"self":[{"href":"https:\/\/blogs.kcl.ac.uk\/performance\/wp-json\/wp\/v2\/pages\/63","targetHints":{"allow":["GET"]}}],"collection":[{"href":"https:\/\/blogs.kcl.ac.uk\/performance\/wp-json\/wp\/v2\/pages"}],"about":[{"href":"https:\/\/blogs.kcl.ac.uk\/performance\/wp-json\/wp\/v2\/types\/page"}],"author":[{"embeddable":true,"href":"https:\/\/blogs.kcl.ac.uk\/performance\/wp-json\/wp\/v2\/users\/734"}],"replies":[{"embeddable":true,"href":"https:\/\/blogs.kcl.ac.uk\/performance\/wp-json\/wp\/v2\/comments?post=63"}],"version-history":[{"count":3,"href":"https:\/\/blogs.kcl.ac.uk\/performance\/wp-json\/wp\/v2\/pages\/63\/revisions"}],"predecessor-version":[{"id":190,"href":"https:\/\/blogs.kcl.ac.uk\/performance\/wp-json\/wp\/v2\/pages\/63\/revisions\/190"}],"wp:attachment":[{"href":"https:\/\/blogs.kcl.ac.uk\/performance\/wp-json\/wp\/v2\/media?parent=63"}],"curies":[{"name":"wp","href":"https:\/\/api.w.org\/{rel}","templated":true}]}}