{"id":35,"date":"2019-10-07T14:05:29","date_gmt":"2019-10-07T13:05:29","guid":{"rendered":"https:\/\/blogs.kcl.ac.uk\/performance\/?page_id=35"},"modified":"2020-07-09T10:44:17","modified_gmt":"2020-07-09T09:44:17","slug":"dr-kelina-gotman-director","status":"publish","type":"page","link":"https:\/\/blogs.kcl.ac.uk\/performance\/dr-kelina-gotman-director\/","title":{"rendered":"Dr K\u00e9lina Gotman"},"content":{"rendered":"\n<p class=\"has-text-align-left\">Reader in Theatre and Performance Studies, English Department<\/p>\n\n\n\n<p><strong>Dr<\/strong> <strong>K\u00e9lina Gotman<\/strong> is Reader in Theatre and Performance Studies in the English Department at King\u2019s, and author of <em>Choreomania: Dance and Disorder<\/em> (Oxford Studies in Dance Theory, Oxford University Press, 2018, winner of the David Bradby Award for outstanding research in international theatre and performance, Theatre and Performance Research Association) and <em>Essays on Theatre and Change: Towards a Poetics Of<\/em> (Routledge, 2018), as well as co-editor of <em>Foucault\u2019s Theatres<\/em> (Manchester University Press, 2019). She is editor of the forthcoming <em>Theories of Performance: Critical and Primary Sources<\/em>, 4 vols. (Bloomsbury, 2021) and translator of F\u00e9lix Guattari\u2019s <em>The Anti-Oedipus Papers<\/em> (Semiotexte(e)\/MIT Press, 2006) as well as playwright Marie NDiaye\u2019s <em>The Snakes<\/em> (Cue Press, 2016). <\/p>\n\n\n\n<p>She has contributed widely to conversation in theatre, dance, performance, critical and cultural studies of science and medicine, the history of disciplines and institutions, writing, translation and critical practice, including for <em>parallax<\/em>, <em>SubStance<\/em>, <em>Textual Practice<\/em>, <em>Choreographic Practices<\/em>, <em>Performance Research<\/em>, <em>About Performance<\/em>, <em>Comparative and Continental Philosophy<\/em>, <em>Performance Philosophy<\/em> and various edited volumes. She has also collaborated widely on theatre, dance and new opera productions across Europe and North America, and consults regularly for theatre and dance companies, galleries and museums. In Summer 2019 she was Friedrich H\u00f6lderlin Guest Professor in Comparative Dramaturgy at the Institut f\u00fcr Theater-, Film- und Medienwissenschaft at the Goethe-Universit\u00e4t Frankfurt. She has also held visiting positions at Cornell University, Bard College, The Eugene Lang College for Liberal Arts at The New School, Columbia University, and The Slade School of Fine Art, UCL.  <\/p>\n\n\n\n<hr class=\"wp-block-separator is-style-wide\" \/>\n\n\n\n<h4 class=\"wp-block-heading\">            <strong>Theatre and Performance Publications  <\/strong><\/h4>\n\n\n\n<p><strong>Books<\/strong><\/p>\n\n\n\n<p><em>Choreomania: Dance and Disorder<\/em> (Oxford Studies in Dance Theory, Oxford University Press, 2018) [monograph] <\/p>\n\n\n\n<p><em>Essays on Theatre and Change: Towards a Poetics Of<\/em> (Routledge, 2018) [monograph] <\/p>\n\n\n\n<p><em>Foucault\u2019s Theatres<\/em> (Manchester University Press, 2019), co-editor with Tony Fisher [co-edited volume] <\/p>\n\n\n\n<p><em>Theories of Performance: Critical and Primary Sources<\/em>, 4 vols., editor (Bloomsbury, forthcoming 2021) [edited volume] <\/p>\n\n\n\n<p><em>The Snakes<\/em>, by Marie NDiaye, translator (Cue Press, 2016) [play text, with translator\u2019s introduction] <\/p>\n\n\n\n<p><\/p>\n\n\n\n<p><strong>Chapters and articles <\/strong><\/p>\n\n\n\n<p>\u2018Mallarm\u00e9\u2019s \u201c<em>Livre<\/em>\u201d: notes towards a schizotheatre\u2019, in <em>Textual Practice<\/em> 33.1 (2019): 175-194 [peer-reviewed article]&nbsp; <\/p>\n\n\n\n<p>\u2018On Medicine\u2019, in <em>Performance Research <\/em>23.4 (2019) [100<sup>th<\/sup> issue]: 118-126 [peer-reviewed article] <\/p>\n\n\n\n<p>\u2018The Time of Philosophy (with Svetlana Alexievich)\u2019, in <em>Comparative and Continental Philosophy<\/em> (online pub. July 2019) [17pp.] [peer-reviewed article] <\/p>\n\n\n\n<p>\u2018On the Difficult Work of Translating Translation; or, the Monolingualism of Translation Theory. Languaging Acts in (and after) Marie NDiaye\u2019s <em>Les Serpents<\/em>\u2019, in <em>Studies in Theatre and Performance<\/em> (online publ. March 2019) [28pp.] [peer-reviewed article] <\/p>\n\n\n\n<p>\u2018Choreic Gesture: Virtuosic Angularity, Alterkinetic Dance (on Platel\u2019s <em>Out of Context: For Pina<\/em>)\u2019, in Christel Stalpaert, Guy Cools and Hildegard De Vuyst, eds., <em>The Choreopolitics of Alain Platel\u2019s Les Ballets C de la B: Emotions, Gestures,&nbsp;Politics<\/em> (Bloomsbury, forthcoming 2019) [chapter in book] <\/p>\n\n\n\n<p>\u2018Vibrant Affiliations: Family and Society\u2019, in <em>A Cultural History of Tragedy<\/em>, gen. ed. Rebecca Bushnell, 6 vols. Vol. 6, 1920-Present, ed. Jennifer Wallace (Bloomsbury, forthcoming 2019) [chapter in book] <\/p>\n\n\n\n<p>\u2018Foucault, Oedipus, N\u00e9gritude\u2019, in K\u00e9lina Gotman and Tony Fisher, eds., <em>Foucault\u2019s Theatres<\/em> (Manchester University Press, forthcoming 2019) [chapter in book] <\/p>\n\n\n\n<p>\u2018Introduction: theatre, performance, Foucault\u2019, with Tony Fisher, in K\u00e9lina Gotman and Tony Fisher, eds., <em>Foucault\u2019s Theatres<\/em> (Manchester University Press, forthcoming 2019) [chapter in book] <\/p>\n\n\n\n<p>\u2018Anaesthesis: Dance Marathons and the Limits of Sense\u2019, in Eve Katsouraki and Tony Fisher, eds., <em>Beyond Failure: New Essays on the Cultural History of Failure in Theatre and Performance<\/em> (Routledge, 2018), pp. 119-145 [chapter in book] <\/p>\n\n\n\n<p>\u2018Danse et d\u00e9sordre\u2019, in <em>1518, la fi\u00e8vre de la danse<\/em> (Les \u00e9ditions des mus\u00e9es de la ville de Strasbourg, 2018), pp. 115-130 [contribution to museum catalogue, in French] <\/p>\n\n\n\n<p>\u2018Foucault, <em>Aufkl\u00e4rung<\/em>, and the Historical \u201cScene,\u201d\u2019 in <em>parallax<\/em> 24.1 (2017): 45-61 [peer-reviewed article] <\/p>\n\n\n\n<p>\u2018Corpus- [corpus]: hand, handiwork, Habitat, gifts, feet, footnotes, and the \u201cob-scene,\u201d\u2019 in <em>SubStance<\/em> 143, vol. 46.2 (2017): 147-165 [peer-reviewed article] <\/p>\n\n\n\n<p>\u2018<em>Translatio<\/em>\u2019, in <em>Performance Research<\/em> 21.5 (2016): 17-20 [peer-reviewed article] <\/p>\n\n\n\n<p>\u2018The (Spectral) Lure of the Past: Sadler\u2019s Wells, Capital, and the Institution of Dance\u2019, in <em>Performance Research<\/em> 20.4 (2015): 62-70 [peer-reviewed article] <\/p>\n\n\n\n<p>\u2018Exceptionalism, Schizophrenia, Artaud: On Judgment\u2019, in <em>Performance Philosophy <\/em>1.1 (2015): 119-125 [peer-reviewed article] <\/p>\n\n\n\n<p>\u2018Krono-Metre, site d\u2019un op\u00e9ra-th\u00e9\u00e2tre r\u00e9cusant, non-lieu de la lecture, et esth\u00e9tisation du sens\u2019, in Lorna Collins and Bandy Lee, eds., <em>Making Sense: Merging Theory and Practice<\/em> (Oxford: Peter Lang), pp. 159-174 [chapter in book, in French] <\/p>\n\n\n\n<p>\u2018The dancing-place: Towards a geocultural and geohistorical theory of performance space\u2019, in <em>Choreographic Practices<\/em> 3 (2012): 7-23 [peer-reviewed article] <\/p>\n\n\n\n<p>\u2018Epilepsy, Chorea and Involuntary Movements Onstage: The Politics and Aesthetics of Alterkinetic Dance\u2019, in <em>About Performance<\/em> 11 (2012): 159-183 [peer-reviewed article] <\/p>\n\n\n\n<p>\u2018It\u2019s My Show, Or, Shut Up and Laugh: Spheres of Intimacy in the Comic Arena, How New Technologies Play Their Part in the \u201cLive\u201d Act\u2019, with Sam Godin, in Judith Batalion, ed., <em>The Laughing Stalk: Live Comedy and Its Audiences<\/em> (Parlor Press, 2012), pp. 253-270 [chapter in book] <\/p>\n\n\n\n<p>\u2018Chorea Minor, Chorea Major, Choreomania: Entangled Medical and Colonial Histories\u2019, in Johannes Birringer and Josephine Fenger, eds., <em>Tanz und WahnSinn \/ Dance and ChoreoMania<\/em> (Henschel Verlag, 2011), pp. 83-97 [chapter in book] <\/p>\n\n\n\n<p>\u2018Other Possible Worlds Onstage,\u2019 in <em>PAJ: A Journal of Performance and Art<\/em> 96 (2010): 48-54 [review article] <\/p>\n\n\n\n<p>\u2018Tango Tourism 101: A Photo-Diary, Buenos Aires\u2019, in <em>Conversations across the Field of Dance Studies<\/em> XXIX \u201cDancing Economies\u201d (2009): 18-24 [article] <\/p>\n\n\n\n<hr class=\"wp-block-separator is-style-wide\" \/>\n\n\n\n<h4 class=\"wp-block-heading\"><strong>Noteworthy Performances, Events and Artistic Collaborations<\/strong> <\/h4>\n\n\n\n<p>Matthias Sperling, The Institute of Neurochoreography \u2013 First Open Congress, Lilian Baylis Studio, Sadler\u2019s Wells, 2 November 2018. <a href=\"https:\/\/www.sadlerswells.com\/whats-on\/2018\/matthias-sperling-institute-of-neurochoreography-first-open-congress\/\">https:\/\/www.sadlerswells.com\/whats-on\/2018\/matthias-sperling-institute-of-neurochoreography-first-open-congress\/<\/a> Semi-fictional symposium imagining an \u2018institute of neurochoreography\u2019, hosted by UK choreographer Matthias Sperling.&nbsp; <\/p>\n\n\n\n<p><em>The Snakes<\/em> by Marie NDiaye, translated from the French by K\u00e9lina Gotman, staged reading, directed by Daniel Goldstein, The Gate Theatre, London (2016).&nbsp; <em>smooth &amp; striated: form<\/em>,<em> <\/em>hARTslane Gallery, London, UK, three-day art&amp;theorylab, co-curator and co-producer. July 11-13 2016.<a href=\"https:\/\/hartslanestudiosdotorg.wordpress.com\/2016\/07\/07\/smooth-striate-d-form-july-11-13-10am-5pm\/\"> https:\/\/hartslanestudiosdotorg.wordpress.com\/2016\/07\/07\/smooth-striate-d-form-july-11-13-10am-5pm\/<\/a> <\/p>\n\n\n\n<p><em>Infancy, History and the Avant-Garde<\/em>, festival, co-curator, Clapham Omnibus, 23-24 January 2015. Presented by Recreational Services \/ the operlab at King\u2019s College London. A micro festival of extreme sensation, illegibility, inchoate speech, sounds, cries, screams; chaos, excess, discovery, experimentation, risk, and the flip-side: discipline, control, security, the infantilism and fascism of the police state. Also toys, props; pataphysics, dada, scatological humour; imitation, counter-imitation, mimesis; play, games; the politics of the family, resistance to capitalism\u2019s drive towards ever-changing relationships, adaptability &amp; rootlessness; work, sleep &amp; sleep deprivation; cuteness; lullabies. Featuring performances and talks by Eric Wubbels, Josh Modney, Sam Pluta, Ollie Evans, Adam de la Cour, Schopenhauer, Federico Reuben, Tom Jackson, Kirstin Smith, Patrick ffrench, Matthew Fink, P.A. Skantze, Stephen Upshaw, Roc\u00edo Bola\u00f1os, Siwan Rhys, Steve Potter, Irum Fazal, Strangeface Theatre Company, Joel White, Mark Knoop, Carl Rosman, Lucy Beynon, Lisa Jeschke, Jeremy Hardingham, Huw Hallam, Efrosini Protopapa. <\/p>\n\n\n\n<p><em>Propositions: after Bataille<\/em>. Infancy, History &amp; the Avant-Garde festival, Omnibus Clapham (solo speaker\/performer and co-creator, with Schopenhauer) (2015) <\/p>\n\n\n\n<p><em>The Spurt of Blood<\/em> by Antonin Artaud. Infancy, History &amp; the Avant-Garde festival, Omnibus Clapham (translator and director\/designer) (2015) <\/p>\n\n\n\n<p><em>Whiggly Kinderproducts<\/em>, Whiggly Ensemble, Yinka Shonibare\u2019s Guest Projects, London (performer) (2013) <\/p>\n\n\n\n<p><em>Socialist Realism<\/em>, with London Sprechchor, music by Philip Venables, LSO St. Luke\u2019s, London (solo speaker \/ performer) (2013) <\/p>\n\n\n\n<p><em>100 Combat Troupes: denkbild for six musicians and four actor-dancers<\/em>, presented at The Village Underground, 2012, librettist, director and dramaturg, collaboration with composer Steve Potter, with musicians from The London Sinfonietta, commissioned by The London Sinfonietta Blue Touch Paper Project, funded by The Jerwood Foundation. <\/p>\n\n\n\n<p><em>Paradis sur Terre<\/em> by Charles L. Mee, co-produced by Witness Relocation and Compagnie Ildi! Eldi, at Les SubSistances (Lyon) and La MaMa E.T.C. (New York, NY) (translator, English to French, adapted by the company), 2010.<\/p>\n","protected":false},"excerpt":{"rendered":"<p>Reader in Theatre and Performance Studies, English Department Dr K\u00e9lina Gotman is Reader in Theatre and Performance Studies in the English Department at King\u2019s, and author of Choreomania: Dance and Disorder (Oxford Studies in Dance Theory, Oxford University Press, 2018, winner of the David Bradby Award for outstanding research in international theatre and performance, Theatre &hellip; <\/p>\n<p class=\"link-more\"><a href=\"https:\/\/blogs.kcl.ac.uk\/performance\/dr-kelina-gotman-director\/\" class=\"more-link\">Continue reading<span class=\"screen-reader-text\"> &#8220;Dr K\u00e9lina Gotman&#8221;<\/span><\/a><\/p>\n","protected":false},"author":734,"featured_media":0,"parent":0,"menu_order":0,"comment_status":"closed","ping_status":"closed","template":"","meta":{"footnotes":""},"class_list":["post-35","page","type-page","status-publish","hentry","entry"],"_links":{"self":[{"href":"https:\/\/blogs.kcl.ac.uk\/performance\/wp-json\/wp\/v2\/pages\/35","targetHints":{"allow":["GET"]}}],"collection":[{"href":"https:\/\/blogs.kcl.ac.uk\/performance\/wp-json\/wp\/v2\/pages"}],"about":[{"href":"https:\/\/blogs.kcl.ac.uk\/performance\/wp-json\/wp\/v2\/types\/page"}],"author":[{"embeddable":true,"href":"https:\/\/blogs.kcl.ac.uk\/performance\/wp-json\/wp\/v2\/users\/734"}],"replies":[{"embeddable":true,"href":"https:\/\/blogs.kcl.ac.uk\/performance\/wp-json\/wp\/v2\/comments?post=35"}],"version-history":[{"count":8,"href":"https:\/\/blogs.kcl.ac.uk\/performance\/wp-json\/wp\/v2\/pages\/35\/revisions"}],"predecessor-version":[{"id":597,"href":"https:\/\/blogs.kcl.ac.uk\/performance\/wp-json\/wp\/v2\/pages\/35\/revisions\/597"}],"wp:attachment":[{"href":"https:\/\/blogs.kcl.ac.uk\/performance\/wp-json\/wp\/v2\/media?parent=35"}],"curies":[{"name":"wp","href":"https:\/\/api.w.org\/{rel}","templated":true}]}}